{"id":498,"date":"2019-01-30T12:51:25","date_gmt":"2019-01-30T12:51:25","guid":{"rendered":"http:\/\/www.etxarriogz.eus\/instituzionala\/"},"modified":"2020-06-26T08:17:13","modified_gmt":"2020-06-26T08:17:13","slug":"instituzionala","status":"publish","type":"page","link":"https:\/\/www.etxarriogz.eus\/eu\/instituzionala\/","title":{"rendered":"Instituzionala"},"content":{"rendered":"<p>[et_pb_section bb_built=&#8221;1&#8243; fullwidth=&#8221;on&#8221; specialty=&#8221;off&#8221; next_background_color=&#8221;#000000&#8243; _builder_version=&#8221;3.0.106&#8243; custom_margin=&#8221;0px||0px|&#8221; custom_padding=&#8221;0px||0px|&#8221;][et_pb_fullwidth_image _builder_version=&#8221;3.0.106&#8243; show_in_lightbox=&#8221;off&#8221; url_new_window=&#8221;off&#8221; use_overlay=&#8221;off&#8221; custom_margin=&#8221;0px||0px|&#8221; custom_padding=&#8221;0px||0px|&#8221; background_size=&#8221;initial&#8221; parallax=&#8221;on&#8221; src=&#8221;https:\/\/www.etxarriogz.eus\/wp-content\/uploads\/2019\/01\/encaf.jpg&#8221; \/][\/et_pb_section][et_pb_section bb_built=&#8221;1&#8243; fullwidth=&#8221;on&#8221; specialty=&#8221;off&#8221; prev_background_color=&#8221;#000000&#8243; next_background_color=&#8221;#000000&#8243;][et_pb_fullwidth_post_title _builder_version=&#8221;3.0.106&#8243; title=&#8221;on&#8221; meta=&#8221;off&#8221; author=&#8221;on&#8221; date=&#8221;on&#8221; categories=&#8221;on&#8221; comments=&#8221;on&#8221; featured_image=&#8221;off&#8221; featured_placement=&#8221;below&#8221; background_color=&#8221;#366d2c&#8221; text_color=&#8221;light&#8221; text_background=&#8221;off&#8221; title_text_align=&#8221;left&#8221; title_font=&#8221;|600||on|||||&#8221; title_text_color=&#8221;#ffffff&#8221; custom_margin=&#8221;0px|0px|0px|0px&#8221; custom_padding=&#8221;15px|0px|10px|0px&#8221; text_shadow_style=&#8221;preset4&#8243; text_shadow_horizontal_length=&#8221;0.19em&#8221; text_shadow_color=&#8221;rgba(0,0,0,0.57)&#8221; \/][\/et_pb_section][et_pb_section bb_built=&#8221;1&#8243; prev_background_color=&#8221;#000000&#8243; _builder_version=&#8221;3.0.106&#8243;][et_pb_row][et_pb_column type=&#8221;4_4&#8243;][et_pb_toggle admin_label=&#8221;MANCOMUNIDAD&#8221; _builder_version=&#8221;3.0.106&#8243; title=&#8221;MANKOMUNITATEA&#8221; open=&#8221;off&#8221;]<\/p>\n<h4>\u00c1mbito geogr\u00e1fico<\/h4>\n<p><a href=\"http:\/\/www.etxarriogz.eus\/wp-content\/uploads\/2019\/01\/Nor-gara.pdf\" target=\"_blank\" rel=\"noopener\"><img loading=\"lazy\" decoding=\"async\" class=\"alignnone size-full wp-image-280\" src=\"https:\/\/www.etxarriogz.eus\/wp-content\/uploads\/2019\/01\/des_pdf.png\" alt=\"\" width=\"31\" height=\"31\"> Quienes somos<\/a><\/p>\n<h4>Organizaci\u00f3n y composici\u00f3n<\/h4>\n<p><a href=\"http:\/\/www.etxarriogz.eus\/wp-content\/uploads\/2019\/01\/2015-2019-Zinegotziak.pdf\" target=\"_blank\" rel=\"noopener\"><img loading=\"lazy\" decoding=\"async\" class=\"alignnone size-full wp-image-280\" src=\"https:\/\/www.etxarriogz.eus\/wp-content\/uploads\/2019\/01\/des_pdf.png\" alt=\"\" width=\"31\" height=\"31\"> 2015-2019 Zinegotziak<\/a><\/p>\n<h4>Retribuciones<\/h4>\n<p><a href=\"http:\/\/www.etxarriogz.eus\/wp-content\/uploads\/2019\/01\/2018-hautetsien-ordainsariak.pdf\" target=\"_blank\" rel=\"noopener\"><img loading=\"lazy\" decoding=\"async\" class=\"alignnone size-full wp-image-280\" src=\"https:\/\/www.etxarriogz.eus\/wp-content\/uploads\/2019\/01\/des_pdf.png\" alt=\"\" width=\"31\" height=\"31\"> 2018 hautetsien ordainsariak<\/a><\/p>\n<h4>Plantilla org\u00e1nica<\/h4>\n<p><a href=\"https:\/\/www.etxarriogz.eus\/wp-content\/uploads\/2019\/07\/2019ko-Plantilla-organikoa.pdf\" target=\"_blank\" rel=\"noopener\"><img loading=\"lazy\" decoding=\"async\" class=\"alignnone size-full wp-image-280\" src=\"https:\/\/www.etxarriogz.eus\/wp-content\/uploads\/2019\/01\/des_pdf.png\" alt=\"\" width=\"31\" height=\"31\"> 2019ko plantilla organikoa behin betikoa<\/a><br \/>\n<a href=\"http:\/\/www.etxarriogz.eus\/wp-content\/uploads\/2019\/01\/2018ko-plantilla-organikoa-behin-betikoa.pdf\" target=\"_blank\" rel=\"noopener\"><img loading=\"lazy\" decoding=\"async\" class=\"alignnone size-full wp-image-280\" src=\"https:\/\/www.etxarriogz.eus\/wp-content\/uploads\/2019\/01\/des_pdf.png\" alt=\"\" width=\"31\" height=\"31\"> 2018ko plantilla organikoa behin betikoa<\/a><\/p>\n<h4>Convocatorias de la Junta<\/h4>\n<p><a href=\"http:\/\/www.etxarriogz.eus\/wp-content\/uploads\/2019\/01\/1-2018-martxoa-batzarra-2018.03.21.pdf\" target=\"_blank\" rel=\"noopener\"><img loading=\"lazy\" decoding=\"async\" class=\"alignnone size-full wp-image-280\" src=\"https:\/\/www.etxarriogz.eus\/wp-content\/uploads\/2019\/01\/des_pdf.png\" alt=\"\" width=\"31\" height=\"31\"> 2018 martxoa batzarra 2018.03.21<\/a><\/p>\n<p><a href=\"http:\/\/www.etxarriogz.eus\/wp-content\/uploads\/2019\/03\/1-2019-martxoa-Batzarra-deialdia-2019.03.28.pdf\" target=\"_blank\" rel=\"noopener\"><img loading=\"lazy\" decoding=\"async\" class=\"alignnone size-full wp-image-280\" src=\"https:\/\/www.etxarriogz.eus\/wp-content\/uploads\/2019\/01\/des_pdf.png\" alt=\"\" width=\"31\" height=\"31\">2019 martxoa Batzarra deialdia 2019.03.28<\/a><\/p>\n<p><a href=\"https:\/\/www.etxarriogz.eus\/wp-content\/uploads\/2019\/11\/2019-azaroa-Batzarra-2019.11.14.pdf\" target=\"_blank\" rel=\"noopener\"><img loading=\"lazy\" decoding=\"async\" class=\"alignnone size-full wp-image-280\" src=\"https:\/\/www.etxarriogz.eus\/wp-content\/uploads\/2019\/01\/des_pdf.png\" alt=\"\" width=\"31\" height=\"31\">2019 azaroa Batzarra 2019.11.14<\/a><\/p>\n<p><a href=\"https:\/\/www.etxarriogz.eus\/wp-content\/uploads\/2020\/02\/Batzarra-2020.03.05.pdf\" target=\"_blank\" rel=\"noopener\"><img loading=\"lazy\" decoding=\"async\" class=\"alignnone size-full wp-image-280\" src=\"https:\/\/www.etxarriogz.eus\/wp-content\/uploads\/2019\/01\/des_pdf.png\" alt=\"\" width=\"31\" height=\"31\">2020 azaroa Batzarra 2020.03.05<\/a><br \/>\n<!--\n\n<h4>Actas<\/h4>\n\n\n<a href=\"http:\/\/www.etxarriogz.eus\/wp-content\/uploads\/2019\/01\/1-2017ko-AKTA-COPIA.pdf\" target=\"_blank\" rel=\"noopener\"><img loading=\"lazy\" decoding=\"async\" class=\"alignnone size-full wp-image-280\" src=\"https:\/\/www.etxarriogz.eus\/wp-content\/uploads\/2019\/01\/des_pdf.png\" alt=\"\" width=\"31\" height=\"31\"> 2017ko AKTA COPIA<\/a>\n\n<a href=\"https:\/\/www.etxarriogz.eus\/wp-content\/uploads\/2019\/11\/2018ko-AKTA-2018-03-21-.pdf\" target=\"_blank\" rel=\"noopener\"><img loading=\"lazy\" decoding=\"async\" class=\"alignnone size-full wp-image-280\" src=\"https:\/\/www.etxarriogz.eus\/wp-content\/uploads\/2019\/01\/des_pdf.png\" alt=\"\" width=\"31\" height=\"31\"> 2018ko AKTA 2018-03-21<\/a>\n\n<a href=\"https:\/\/www.etxarriogz.eus\/wp-content\/uploads\/2019\/11\/AKTA-2019-04-04.pdf\" target=\"_blank\" rel=\"noopener\"><img loading=\"lazy\" decoding=\"async\" class=\"alignnone size-full wp-image-280\" src=\"https:\/\/www.etxarriogz.eus\/wp-content\/uploads\/2019\/01\/des_pdf.png\" alt=\"\" width=\"31\" height=\"31\"> AKTA 2019-04-04<\/a>\n\n<a href=\"https:\/\/www.etxarriogz.eus\/wp-content\/uploads\/2020\/02\/AKTA-2019.11.14.pdf\" target=\"_blank\" rel=\"noopener\"><img loading=\"lazy\" decoding=\"async\" class=\"alignnone size-full wp-image-280\" src=\"https:\/\/www.etxarriogz.eus\/wp-content\/uploads\/2019\/01\/des_pdf.png\" alt=\"\" width=\"31\" height=\"31\"> AKTA 2019-11-14<\/a>--><\/p>\n<p>[\/et_pb_toggle][et_pb_button _builder_version=&#8221;3.0.106&#8243; button_text=&#8221;Itzuli&#8221; button_url=&#8221;https:\/\/www.etxarriogz.eus\/eu\/gardentasun-ataria\/&#8221; url_new_window=&#8221;off&#8221; button_alignment=&#8221;center&#8221; background_layout=&#8221;light&#8221; custom_button=&#8221;off&#8221; button_icon_placement=&#8221;right&#8221; \/][\/et_pb_column][\/et_pb_row][\/et_pb_section]<\/p>\n","protected":false},"excerpt":{"rendered":"<p><div class=\"et_pb_row et_pb_row_0 et_pb_row_empty\">\n\t\t\t\t\n\t\t\t\t\n\t\t\t\t\n\t\t\t\t\n\t\t\t\t\n\t\t\t<\/div> \u00c1mbito geogr\u00e1fico Quienes somos Organizaci\u00f3n y composici\u00f3n 2015-2019 Zinegotziak Retribuciones 2018 hautetsien ordainsariak Plantilla org\u00e1nica 2019ko plantilla organikoa behin betikoa 2018ko plantilla organikoa behin betikoa Convocatorias de la Junta 2018 martxoa batzarra 2018.03.21 2019 martxoa Batzarra deialdia 2019.03.28 2019 azaroa Batzarra 2019.11.14 2020 azaroa Batzarra 2020.03.05<\/p>\n","protected":false},"author":1,"featured_media":0,"parent":0,"menu_order":0,"comment_status":"closed","ping_status":"closed","template":"","meta":{"_et_pb_use_builder":"on","_et_pb_old_content":"","_et_gb_content_width":"","footnotes":"","_links_to":"","_links_to_target":""},"aioseo_notices":[],"_links":{"self":[{"href":"https:\/\/www.etxarriogz.eus\/eu\/wp-json\/wp\/v2\/pages\/498"}],"collection":[{"href":"https:\/\/www.etxarriogz.eus\/eu\/wp-json\/wp\/v2\/pages"}],"about":[{"href":"https:\/\/www.etxarriogz.eus\/eu\/wp-json\/wp\/v2\/types\/page"}],"author":[{"embeddable":true,"href":"https:\/\/www.etxarriogz.eus\/eu\/wp-json\/wp\/v2\/users\/1"}],"replies":[{"embeddable":true,"href":"https:\/\/www.etxarriogz.eus\/eu\/wp-json\/wp\/v2\/comments?post=498"}],"version-history":[{"count":15,"href":"https:\/\/www.etxarriogz.eus\/eu\/wp-json\/wp\/v2\/pages\/498\/revisions"}],"predecessor-version":[{"id":1089,"href":"https:\/\/www.etxarriogz.eus\/eu\/wp-json\/wp\/v2\/pages\/498\/revisions\/1089"}],"wp:attachment":[{"href":"https:\/\/www.etxarriogz.eus\/eu\/wp-json\/wp\/v2\/media?parent=498"}],"curies":[{"name":"wp","href":"https:\/\/api.w.org\/{rel}","templated":true}]}}