{"id":573,"date":"2019-01-31T09:40:06","date_gmt":"2019-01-31T09:40:06","guid":{"rendered":"http:\/\/www.etxarriogz.eus\/legezko-oharra\/"},"modified":"2019-10-31T12:12:13","modified_gmt":"2019-10-31T12:12:13","slug":"legezko-oharra","status":"publish","type":"page","link":"https:\/\/www.etxarriogz.eus\/eu\/legezko-oharra\/","title":{"rendered":"Legezko oharra"},"content":{"rendered":"<p>[et_pb_section bb_built=&#8221;1&#8243; fullwidth=&#8221;on&#8221; specialty=&#8221;off&#8221; next_background_color=&#8221;#000000&#8243; _builder_version=&#8221;3.0.106&#8243; custom_margin=&#8221;0px||0px|&#8221; custom_padding=&#8221;0px||0px|&#8221;][et_pb_fullwidth_image _builder_version=&#8221;3.0.106&#8243; show_in_lightbox=&#8221;off&#8221; url_new_window=&#8221;off&#8221; use_overlay=&#8221;off&#8221; custom_margin=&#8221;0px||0px|&#8221; custom_padding=&#8221;0px||0px|&#8221; background_size=&#8221;initial&#8221; parallax=&#8221;on&#8221; src=&#8221;https:\/\/www.etxarriogz.eus\/wp-content\/uploads\/2019\/01\/encaf.jpg&#8221; \/][\/et_pb_section][et_pb_section bb_built=&#8221;1&#8243; fullwidth=&#8221;on&#8221; specialty=&#8221;off&#8221; prev_background_color=&#8221;#000000&#8243; next_background_color=&#8221;#000000&#8243;][et_pb_fullwidth_post_title _builder_version=&#8221;3.0.106&#8243; title=&#8221;on&#8221; meta=&#8221;off&#8221; author=&#8221;on&#8221; date=&#8221;on&#8221; categories=&#8221;on&#8221; comments=&#8221;on&#8221; featured_image=&#8221;off&#8221; featured_placement=&#8221;below&#8221; background_color=&#8221;#366d2c&#8221; text_color=&#8221;light&#8221; text_background=&#8221;off&#8221; title_text_align=&#8221;left&#8221; title_font=&#8221;|600||on|||||&#8221; title_text_color=&#8221;#ffffff&#8221; custom_margin=&#8221;0px|0px|0px|0px&#8221; custom_padding=&#8221;15px|0px|10px|0px&#8221; text_shadow_style=&#8221;preset4&#8243; text_shadow_horizontal_length=&#8221;0.19em&#8221; text_shadow_color=&#8221;rgba(0,0,0,0.57)&#8221; \/][\/et_pb_section][et_pb_section bb_built=&#8221;1&#8243; prev_background_color=&#8221;#000000&#8243; _builder_version=&#8221;3.0.106&#8243;][et_pb_row][et_pb_column type=&#8221;3_4&#8243;][et_pb_text _builder_version=&#8221;3.0.106&#8243; background_layout=&#8221;light&#8221;]<\/p>\n<h4>DATOS IDENTIFICATIVOS DEL TITULAR<\/h4>\n<p>De conformidad con lo dispuesto en el art\u00edculo 10 de la Ley 34\/2002, de 11 de julio, de Servicios de la Sociedad de la Informaci\u00f3n y de Comercio Electr\u00f3nico, se informa al usuario de que el titular del presente Sitio Web es:<br \/>\n\u2022 Identidad: Mancomunidad de Servicios Sociales de la Zona de Etxarri- Aranatz.<br \/>\n\u2022 Direcci\u00f3n Postal:NagusiaKalea n\u00ba 28 31820 en Etxarri- Aranatz (Navarra)<br \/>\n\u2022 CIF: P-3135587H<br \/>\n\u2022 Tel\u00e9fono: 948 460752<br \/>\n\u2022 Correo electr\u00f3nico: <a href=\"mailto:info@etxarriogz.eus\">info@etxarriogz.eus<\/a><br \/>\n\u2022 Direcci\u00f3n Web: <a href=\"http:\/\/www.etxarriogz.eus\">http:\/\/www.etxarriogz.eus<\/a><br \/>\n\u2022 Titularidad del Dominio: Mancomunidad de Servicios Sociales de la Zona de Etxarri- Aranatz<\/p>\n<h4>CONTENIDO<\/h4>\n<p>La Mancomunidad de Servicios Sociales de la Zona de Etxarri- Aranatz presta especial atenci\u00f3n a que la informaci\u00f3n del sitio web sea exacta y precisa, procediendo a su actualizaci\u00f3n de forma peri\u00f3dica y corrigiendo los errores tan pronto como estos hayan sido detectados. Con todo, la Mancomunidad de Servicios Sociales de la Zona de Etxarri- Aranatz no puede garantizar que la informaci\u00f3n est\u00e9 actualizada y la inexistencia de errores en todo momento.<br \/>\nLa informaci\u00f3n publicada en este sitio web tiene \u00fanicamente car\u00e1cter informativo y no constituye una comunicaci\u00f3n de actos administrativos ni comunicados oficiales. Estos \u00faltimos ser\u00e1n notificados por los canales oficiales legalmente establecidos a tal efecto.<br \/>\nNo obstante, lo anterior, en caso de que a trav\u00e9s del sitio web puedan generarse documentos electr\u00f3nicos en el seno de procedimientos administrativos tramitados a trav\u00e9s de este medio, total o parcialmente, \u00e9stos tendr\u00e1n car\u00e1cter de aut\u00e9nticos, y tendr\u00e1n el valor probatorio que les reconoce la legislaci\u00f3n vigente.<\/p>\n<h4>LIMITACION DE RESPONSABILIDAD<\/h4>\n<p>El usuario ser\u00e1 el \u00fanico responsable de las infracciones en que pueda incurrir o de los perjuicios que se puedan causar a terceros por la indebida e ileg\u00edtima utilizaci\u00f3n de este Sitio Web. La Mancomunidad de Servicios Sociales de la Zona de Etxarri- Aranatz no ser\u00e1 responsable de los posibles da\u00f1os o perjuicios que se pudieran derivar de interferencias, omisiones, interrupciones, virus inform\u00e1ticos, aver\u00edas telef\u00f3nicas o desconexiones en el funcionamiento operativo de este sistema electr\u00f3nico, motivadas por causas ajenas a la Mancomunidad de Servicios Sociales de la Zona de Etxarri- Aranatz, de retrasos o bloqueos en el uso del presente sistema electr\u00f3nico causados por deficiencias o sobrecargas de l\u00edneas telef\u00f3nicas, sobrecargas en el sistema de Internet o en otros sistemas electr\u00f3nicos. La Mancomunidad de Servicios Sociales de la Zona de Etxarri- Aranatz no garantiza la veracidad ni se responsabiliza de las consecuencias que pudieran derivarse de los errores en los contenidos proporcionados por terceros que pudieran aparecer en este Sitio Web.<br \/>\nIgualmente, la Mancomunidad de Servicios Sociales de la Zona de Etxarri- Aranatz tampoco se responsabiliza de los contenidos, productos o servicios que puedan visualizarse mediante enlaces electr\u00f3nicos (links), directa o indirectamente, a trav\u00e9s de este Sitio Web. Estos enlaces no representan ning\u00fan tipo de relaci\u00f3n entre la Mancomunidad de Servicios Sociales de la Zona de Etxarri- Aranatz y los particulares o entidades titulares de las p\u00e1ginas a las que dan acceso. La Mancomunidad de Servicios Sociales de la Zona de Etxarri- Aranatz se reserva el derecho a retirar de modo unilateral y en cualquier momento los links que aparecen en su Sitio Web. La Mancomunidad de Servicios Sociales de la Zona de Etxarri- Aranatz se exime de responsabilidad en cuanto a las &#8220;cookies&#8221; que terceros ajenos pudieran instalar en el disco duro del ordenador del usuario, as\u00ed como de los errores tipogr\u00e1ficos o inexactitudes que pudieran apreciarse en los contenidos de su Sitio Web.<br \/>\nLa informaci\u00f3n que la Mancomunidad de Servicios Sociales de la Zona de Etxarri- Aranatz proporcione en respuesta a cualquier consulta o petici\u00f3n de informaci\u00f3n solicitada por los medios establecidos a tal efecto (buzones de correo electr\u00f3nico, formularios de consulta, etc.) tiene car\u00e1cter meramente orientativo y en ning\u00fan caso resultar\u00e1 vinculante para la resoluci\u00f3n de los procedimientos administrativos, los cuales se hallan estrictamente sujetos a las normas legales o reglamentarias que les sean de aplicaci\u00f3n.<\/p>\n<h4>PROPIEDAD INTELECTUAL<\/h4>\n<p>El dise\u00f1o de este portal Web y sus c\u00f3digos fuente, los logos, marcas, etc. pertenecen a la Mancomunidad de Servicios Sociales de la Zona de Etxarri- Aranatz, salvo expresa indicaci\u00f3n de titularidad diferente, y est\u00e1n protegidos por los correspondientes derechos de propiedad intelectual e industrial. Su uso, reproducci\u00f3n, distribuci\u00f3n, comunicaci\u00f3n p\u00fablica, transformaci\u00f3n o cualquier otra actividad similar o an\u00e1loga, queda totalmente prohibida salvo que medie autorizaci\u00f3n expresa de la Mancomunidad de Servicios Sociales de la Zona de Etxarri- Aranatz.<br \/>\nSe autoriza a la reutilizaci\u00f3n de los documentos y\/o informaci\u00f3n de la Mancomunidad de Servicios Sociales de la Zona de Etxarri- Aranatz contenida en este Sitio Web, siempre que dichos contenidos permanezcan \u00edntegros y se cite la fuente de los mismos (Ley 37\/2007, de 16 de noviembre, sobre reutilizaci\u00f3n de la informaci\u00f3n del sector p\u00fablico). Queda prohibido su uso para incurrir en actividades il\u00edcitas. Esta autorizaci\u00f3n no es aplicable a los documentos sometidos a derechos de propiedad intelectual o industrial (como las patentes, los dise\u00f1os y las marcas registradas), especialmente por parte de terceros. El usuario se abstendr\u00e1 de realizar cualquier actividad que infrinja los derechos de propiedad intelectual e industrial de la Mancomunidad de Servicios Sociales de la Zona de Etxarri- Aranatz, as\u00ed como de los terceros que sean referidos en el presente sitio web.<br \/>\nEn todo caso, el r\u00e9gimen de reutilizaci\u00f3n est\u00e1 obligado a garantizar el pleno respeto de los principios que consagran la protecci\u00f3n de datos personales.<\/p>\n<h4>SEGURIDAD<\/h4>\n<p>Las medidas de seguridad adoptadas por la Mancomunidad de Servicios Sociales de la Zona de Etxarri- Aranatzson aquellas requeridas, de conformidad con lo establecido en el art\u00edculo 32 del RGPD. En este sentido, la Mancomunidad de Servicios Sociales de la Zona de Etxarri- Aranatz, teniendo en cuenta el estado de la t\u00e9cnica, los costes de aplicaci\u00f3n y la naturaleza, el alcance, el contexto y los fines del tratamiento, as\u00ed como los riesgos de probabilidad y gravedad variables para los derechos y las libertades de las personas f\u00edsicas, tiene establecidas las medidas t\u00e9cnicas y organizativas apropiadas para garantizar el nivel de seguridad adecuado al riesgo existente.<br \/>\nEn todo caso, la Mancomunidad de Servicios Sociales de la Zona de Etxarri- Aranatztiene implementados los mecanismos suficientes para:<br \/>\n1. Garantizar la confidencialidad, integridad, disponibilidad y resiliencia permanentes de los sistemas y servicios de tratamiento.<br \/>\n2. Restaurar la disponibilidad y el acceso a los datos personales de forma r\u00e1pida, en caso de incidente f\u00edsico o t\u00e9cnico.<br \/>\n3. Verificar, evaluar y valorar, de forma regular, la eficacia de las medidas t\u00e9cnicas y organizativas implantadas para garantizar la seguridad del tratamiento.<br \/>\n4. Seudonimizar y cifrar los datos personales, en su caso.<\/p>\n<h4>LEY APLICABLE Y JURISDICCI\u00d3N<\/h4>\n<p>Para la resoluci\u00f3n de todas las controversias o cuestiones relacionadas con el presente sitio web o de las actividades en \u00e9l desarrolladas, ser\u00e1 de aplicaci\u00f3n la legislaci\u00f3n espa\u00f1ola, a la que se someten expresamente las partes, siendo competentes para la resoluci\u00f3n de todos los conflictos derivados o relacionados con su uso los Juzgados y Tribunales de Pamplona.<\/p>\n<h4>PROTECCI\u00d3N DE DATOS<\/h4>\n<p>Podr\u00e1 consultar nuestro aviso de privacidad en materia de Protecci\u00f3n de Datos en el <a href=\"\/?page_id=3\">siguiente enlace.<\/a><\/p>\n<h4>INFORMACI\u00d3N SOBRE COOKIES<\/h4>\n<p>Podr\u00e1 consultar la informaci\u00f3n sobre cookies en el siguiente <a href=\"\/?page_id=234\" target=\"_blank\" rel=\"noopener\">enlace.<\/a><\/p>\n<p>[\/et_pb_text][\/et_pb_column][et_pb_column type=&#8221;1_4&#8243;][et_pb_sidebar _builder_version=&#8221;3.0.106&#8243; area=&#8221;sidebar-1&#8243; orientation=&#8221;left&#8221; show_border=&#8221;off&#8221; background_layout=&#8221;light&#8221; \/][\/et_pb_column][\/et_pb_row][\/et_pb_section]<\/p>\n","protected":false},"excerpt":{"rendered":"<p><div class=\"et_pb_row et_pb_row_0 et_pb_row_empty\">\n\t\t\t\t\n\t\t\t\t\n\t\t\t\t\n\t\t\t\t\n\t\t\t\t\n\t\t\t<\/div> DATOS IDENTIFICATIVOS DEL TITULAR De conformidad con lo dispuesto en el art\u00edculo 10 de la Ley 34\/2002, de 11 de julio, de Servicios de la Sociedad de la Informaci\u00f3n y de Comercio Electr\u00f3nico, se informa al usuario de que el titular del presente Sitio Web es: \u2022 Identidad: Mancomunidad de Servicios Sociales de la [&hellip;]<\/p>\n","protected":false},"author":1,"featured_media":0,"parent":0,"menu_order":0,"comment_status":"closed","ping_status":"closed","template":"","meta":{"_et_pb_use_builder":"on","_et_pb_old_content":"","_et_gb_content_width":"","footnotes":"","_links_to":"","_links_to_target":""},"aioseo_notices":[],"_links":{"self":[{"href":"https:\/\/www.etxarriogz.eus\/eu\/wp-json\/wp\/v2\/pages\/573"}],"collection":[{"href":"https:\/\/www.etxarriogz.eus\/eu\/wp-json\/wp\/v2\/pages"}],"about":[{"href":"https:\/\/www.etxarriogz.eus\/eu\/wp-json\/wp\/v2\/types\/page"}],"author":[{"embeddable":true,"href":"https:\/\/www.etxarriogz.eus\/eu\/wp-json\/wp\/v2\/users\/1"}],"replies":[{"embeddable":true,"href":"https:\/\/www.etxarriogz.eus\/eu\/wp-json\/wp\/v2\/comments?post=573"}],"version-history":[{"count":2,"href":"https:\/\/www.etxarriogz.eus\/eu\/wp-json\/wp\/v2\/pages\/573\/revisions"}],"predecessor-version":[{"id":967,"href":"https:\/\/www.etxarriogz.eus\/eu\/wp-json\/wp\/v2\/pages\/573\/revisions\/967"}],"wp:attachment":[{"href":"https:\/\/www.etxarriogz.eus\/eu\/wp-json\/wp\/v2\/media?parent=573"}],"curies":[{"name":"wp","href":"https:\/\/api.w.org\/{rel}","templated":true}]}}