{"id":575,"date":"2019-01-31T09:40:30","date_gmt":"2019-01-31T09:40:30","guid":{"rendered":"http:\/\/www.etxarriogz.eus\/pribatutasun-abisua\/"},"modified":"2023-03-23T08:08:24","modified_gmt":"2023-03-23T08:08:24","slug":"pribatutasun-abisua","status":"publish","type":"page","link":"https:\/\/www.etxarriogz.eus\/eu\/pribatutasun-abisua\/","title":{"rendered":"Pribatutasun-abisua"},"content":{"rendered":"<p>[et_pb_section fb_built=&#8221;1&#8243; fullwidth=&#8221;on&#8221; _builder_version=&#8221;4.16&#8243; custom_margin=&#8221;0px||0px|&#8221; custom_padding=&#8221;0px||0px|&#8221; global_colors_info=&#8221;{}&#8221;][et_pb_fullwidth_image src=&#8221;https:\/\/www.etxarriogz.eus\/wp-content\/uploads\/2019\/01\/encaf.jpg&#8221; _builder_version=&#8221;4.16&#8243; parallax=&#8221;on&#8221; custom_margin=&#8221;0px||0px|&#8221; custom_padding=&#8221;0px||0px|&#8221; global_colors_info=&#8221;{}&#8221;][\/et_pb_fullwidth_image][\/et_pb_section][et_pb_section fb_built=&#8221;1&#8243; fullwidth=&#8221;on&#8221; _builder_version=&#8221;4.16&#8243; global_colors_info=&#8221;{}&#8221;][et_pb_fullwidth_post_title meta=&#8221;off&#8221; featured_image=&#8221;off&#8221; text_color=&#8221;light&#8221; _builder_version=&#8221;4.16&#8243; title_font=&#8221;|600||on|||||&#8221; title_text_align=&#8221;left&#8221; title_text_color=&#8221;#ffffff&#8221; background_color=&#8221;#366d2c&#8221; custom_margin=&#8221;0px|0px|0px|0px&#8221; custom_padding=&#8221;15px|0px|10px|0px&#8221; text_shadow_style=&#8221;preset4&#8243; text_shadow_horizontal_length=&#8221;0.19em&#8221; text_shadow_color=&#8221;rgba(0,0,0,0.57)&#8221; global_colors_info=&#8221;{}&#8221;][\/et_pb_fullwidth_post_title][\/et_pb_section][et_pb_section fb_built=&#8221;1&#8243; _builder_version=&#8221;4.16&#8243; global_colors_info=&#8221;{}&#8221;][et_pb_row _builder_version=&#8221;4.16&#8243; background_size=&#8221;initial&#8221; background_position=&#8221;top_left&#8221; background_repeat=&#8221;repeat&#8221; global_colors_info=&#8221;{}&#8221; column_structure=&#8221;3_4,1_4&#8243;][et_pb_column type=&#8221;3_4&#8243; _builder_version=&#8221;4.16&#8243; custom_padding=&#8221;|||&#8221; global_colors_info=&#8221;{}&#8221; custom_padding__hover=&#8221;|||&#8221;][et_pb_text _builder_version=&#8221;4.18.0&#8243; hover_enabled=&#8221;0&#8243; global_colors_info=&#8221;{}&#8221; sticky_enabled=&#8221;0&#8243;]<\/p>\n<p>A continuaci\u00f3n, se desarrolla el deber de informaci\u00f3n establecido en el art\u00edculo 13 del Reglamento General de Protecci\u00f3n de Datos en relaci\u00f3n a los registros de tratamiento llevados a cabo en la Mancomunidad de Servicios Sociales de la Zona de Etxarri- Aranatz.<\/p>\n<p>A trav\u00e9s del aviso de privacidad informamos a la ciudadan\u00eda, titulares de los datos personales de los datos personales de los aspectos espec\u00edficos relativos al tratamiento sus datos; las finalidades de los tratamientos, los datos de contacto para ejercer los derechos que le asisten, los plazos de conservaci\u00f3n de la informaci\u00f3n la norma que nos legitima para el tratamiento de los datos y las comunicaciones de datos realizadas, entre otras cosas.<\/p>\n<h3>INFORMACI\u00d3N GENERAL<\/h3>\n<p>Responsable de tratamiento de los datos<br \/>Identidad: Mancomunidad de Servicios Sociales de la Zona de Etxarri- Aranatz.<br \/>Direcci\u00f3n Postal:NagusiaKalea n\u00ba 28 31820 en Etxarri- Aranatz (Navarra)<br \/>T\u00e9lefono:948 460752<br \/>Correo electr\u00f3nico: <a href=\"mailto:info@etxarriogz.eus\">info@etxarriogz.eus<\/a><br \/>Delegado de Protecci\u00f3n de Datos: <a href=\"mailto:dpd@etxarriogz.eus\">dpd@etxarriogz.eus<\/a><\/p>\n<h2>DERECHOS<\/h2>\n<p>La normativa en materia de protecci\u00f3n de datos otorga una serie de derechos a los interesados o titulares de los datos, a los usuarios de la Mancomunidad de Servicios Sociales de la Zona de Etxarri- Aranatz. Estos derechos que asisten a las personas interesadas son los siguientes:<\/p>\n<ul>\n<li><b>Derecho de acceso:<\/b> derecho a obtener informaci\u00f3n sobre si sus propios datos est\u00e1n siendo objeto de tratamiento, la finalidad del tratamiento que se est\u00e9 realizando, las categor\u00edas de datos que se trate, los destinatarios o categor\u00edas de destinatarios, el plazo de conservaci\u00f3n y el origen de dichos datos.<\/li>\n<li><b>Derecho de rectificaci\u00f3n:<\/b> derecho a obtener la rectificaci\u00f3n de los datos personales inexactos o incompletos.<\/li>\n<li><b>Derecho de supresi\u00f3n:<\/b> derecho a obtener la supresi\u00f3n de los datos en los siguientes supuestos:\n<ul>\n<li>Cuando los datos ya no sean necesarios para la finalidad para la cual fueron recabados<\/li>\n<li>Cuando la persona titular de los mismos retire el consentimiento<\/li>\n<li>Cuando la persona interesada se oponga al tratamiento<\/li>\n<li>Cuando deban suprimirse en cumplimiento de una obligaci\u00f3n legal<\/li>\n<li>Cuando los datos se hayan obtenido en virtud de un servicio de sociedad de la informaci\u00f3n en base a lo dispuesto en el art. 8 apdo. 1 del Reglamento Europeo sobre Protecci\u00f3n de datos.<\/li>\n<\/ul>\n<\/li>\n<li><b>Derecho de oposici\u00f3n:<\/b> derecho a oponerse a un determinado tratamiento basado en el consentimiento del interesado.<\/li>\n<li><b>Derecho de limitaci\u00f3n:<\/b> derecho a obtener la limitaci\u00f3n del tratamiento de los datos cuando se de alguno de los siguientes supuestos:\n<ul>\n<li>Cuando la persona interesada impugne la exactitud de los datos personales, durante un plazo que permita a la empresa verificar la exactitud de los mismos.<\/li>\n<li>Cuando el tratamiento sea il\u00edcito y la persona interesada se oponga a la supresi\u00f3n de los datos.<\/li>\n<li>Cuando la empresa ya no necesite los datos para los fines para los que fueron recabados, pero la persona interesada los necesite para la formulaci\u00f3n, el ejercicio o la defensa de reclamaciones.<\/li>\n<li>Cuando la persona interesada se haya opuesto al tratamiento mientras se verifica si los motivos leg\u00edtimos de la empresa prevalecen sobre los del interesado.<\/li>\n<\/ul>\n<\/li>\n<li>Derecho a presentar una <b>reclamaci\u00f3n ante la autoridad de control competente<\/b>.<\/li>\n<\/ul>\n<p>Las personas interesadas podr\u00e1n ejercitar los derechos indicados, dirigi\u00e9ndose a la Mancomunidad de Servicios Sociales de la Zona de Etxarri- Aranatz, mediante escrito aportando documento que acredite su identidad, De la misma forma, las personas interesadas pueden presentar una reclamaci\u00f3n ante la Agencia Espa\u00f1ola de Protecci\u00f3n de Datos mediante escrito dirigi\u00e9ndose a C\/ Jorge Juan, 6, 28001 (Madrid) o a trav\u00e9s de su sede electr\u00f3nica en <a href=\"http:\/\/www.agpd.es\" target=\"_blank\" rel=\"noopener\">www.agpd.es<\/a><\/p>\n<h3>LISTADO DE TRATAMIENTOS DE DATOS<\/h3>\n<table>\n<tbody>\n<tr>\n<td width=\"253\"><a href=\"https:\/\/www.etxarriogz.eus\/wp-content\/uploads\/2023\/03\/ACTAS-Y-ACUERDOS.pdf\" target=\"_blank\" rel=\"noopener\">ACTAS Y ACUERDOS<\/a><\/td>\n<td width=\"311\"><a href=\"https:\/\/www.etxarriogz.eus\/wp-content\/uploads\/2023\/03\/AVISOS-QUEJASSUGERENCIAS-Y-CITAS.pdf\" target=\"_blank\" rel=\"noopener\">AVISOS, QUEJAS,SUGERENCIAS Y CITAS<\/a><\/td>\n<\/tr>\n<tr>\n<td width=\"253\"><a href=\"https:\/\/www.etxarriogz.eus\/wp-content\/uploads\/2023\/03\/BANCO-DE-ALIMENTOS.pdf\" target=\"_blank\" rel=\"noopener\">BANCO DE ALIMENTOS<\/a><\/td>\n<td width=\"311\"><a href=\"https:\/\/www.etxarriogz.eus\/wp-content\/uploads\/2023\/03\/BOLSA-DE-EMPLEO.pdf\" target=\"_blank\" rel=\"noopener\">BOLSA DE EMPLEO<\/a><\/td>\n<\/tr>\n<tr>\n<td width=\"253\"><a href=\"https:\/\/www.etxarriogz.eus\/wp-content\/uploads\/2023\/03\/CAMPANAS-DIVULGATIVAS.pdf\" target=\"_blank\" rel=\"noopener\">CAMPA\u00d1AS DIVULGATIVAS<\/a><\/td>\n<td width=\"311\"><a href=\"https:\/\/www.etxarriogz.eus\/wp-content\/uploads\/2023\/03\/CONVOCTORIA-DE-EMPLEO-PUBLICO.pdf\" target=\"_blank\" rel=\"noopener\">CONVOCTORIA DE EMPLEO PUBLICO<\/a><\/td>\n<\/tr>\n<tr>\n<td width=\"253\"><a href=\"https:\/\/www.etxarriogz.eus\/wp-content\/uploads\/2023\/03\/ESCUELA-DE-FAMILIA.pdf\" target=\"_blank\" rel=\"noopener\">ESCUELA DE FAMILIA<\/a><\/td>\n<td width=\"311\"><a href=\"https:\/\/www.etxarriogz.eus\/wp-content\/uploads\/2023\/03\/GESTION-DE-EXPEDIENTES.pdf\" target=\"_blank\" rel=\"noopener\">GESTION DE EXPEDIENTES<\/a><\/td>\n<\/tr>\n<tr>\n<td width=\"253\"><a href=\"https:\/\/www.etxarriogz.eus\/wp-content\/uploads\/2023\/03\/GESTION-DE-PERSONAL.pdf\" target=\"_blank\" rel=\"noopener\">GESTION DE PERSONAL<\/a><\/td>\n<td width=\"311\"><a href=\"https:\/\/www.etxarriogz.eus\/wp-content\/uploads\/2023\/03\/GESTION-ECONOMICO-CONTABLE.pdf\" target=\"_blank\" rel=\"noopener\">GESTION ECONOMICO CONTABLE<\/a><\/td>\n<\/tr>\n<tr>\n<td width=\"253\"><a href=\"https:\/\/www.etxarriogz.eus\/wp-content\/uploads\/2023\/03\/GESTION-VOLUNTARIADO.pdf\" target=\"_blank\" rel=\"noopener\">GESTION VOLUNTARIADO<\/a><\/td>\n<td width=\"311\"><a href=\"https:\/\/www.etxarriogz.eus\/wp-content\/uploads\/2023\/03\/MIEMBROS-DE-LA-MANCOMUNIDAD.pdf\" target=\"_blank\" rel=\"noopener\">MIEMBROS DE LA MANCOMUNIDAD<\/a><\/td>\n<\/tr>\n<tr>\n<td width=\"253\"><a href=\"https:\/\/www.etxarriogz.eus\/wp-content\/uploads\/2023\/03\/PREVENCION-Y-DROGODEPENDENCIA.pdf\" target=\"_blank\" rel=\"noopener\">PREVENCION Y DROGODEPENDENCIA<\/a><\/td>\n<td width=\"311\"><a href=\"https:\/\/www.etxarriogz.eus\/wp-content\/uploads\/2023\/03\/PROGRAMA-DE-ACOGIDA.pdf\" target=\"_blank\" rel=\"noopener\">PROGRAMA DE ACOGIDA<\/a><\/td>\n<\/tr>\n<tr>\n<td width=\"253\"><a href=\"https:\/\/www.etxarriogz.eus\/wp-content\/uploads\/2023\/03\/PROGRAMA-DE-ATENCION-INFANCIA-Y-FAMILILA.pdf\" target=\"_blank\" rel=\"noopener\">PROGRAMA DE ATENCI\u00d3N INFANCIA Y FAMILILA<\/a><\/td>\n<td width=\"311\"><a href=\"https:\/\/www.etxarriogz.eus\/wp-content\/uploads\/2023\/03\/PROGRAMA-DE-AUTOVALIMIENTO.pdf\" target=\"_blank\" rel=\"noopener\">PROGRAMA DE AUTOVALIMIENTO<\/a><\/td>\n<\/tr>\n<tr>\n<td width=\"253\"><a href=\"https:\/\/www.etxarriogz.eus\/wp-content\/uploads\/2023\/03\/PROGRAMA-DE-INCORPORACION-SOCIAL.pdf\" target=\"_blank\" rel=\"noopener\">PROGRAMA DE INCORPORACI\u00d3N SOCIAL<\/a><\/td>\n<td width=\"311\"><a href=\"https:\/\/www.etxarriogz.eus\/wp-content\/uploads\/2023\/03\/REGISTRO-DE-ENTRADA-Y-SALIDA.pdf\" target=\"_blank\" rel=\"noopener\">REGISTRO DE ENTRADA Y SALIDA<\/a><\/td>\n<\/tr>\n<\/tbody>\n<\/table>\n<p>&nbsp;<\/p>\n<p>[\/et_pb_text][\/et_pb_column][et_pb_column type=&#8221;1_4&#8243; _builder_version=&#8221;4.16&#8243; custom_padding=&#8221;|||&#8221; global_colors_info=&#8221;{}&#8221; custom_padding__hover=&#8221;|||&#8221;][et_pb_sidebar area=&#8221;sidebar-1&#8243; show_border=&#8221;off&#8221; _builder_version=&#8221;4.16&#8243; global_colors_info=&#8221;{}&#8221;][\/et_pb_sidebar][\/et_pb_column][\/et_pb_row][\/et_pb_section]<\/p>\n","protected":false},"excerpt":{"rendered":"<p>A continuaci\u00f3n, se desarrolla el deber de informaci\u00f3n establecido en el art\u00edculo 13 del Reglamento General de Protecci\u00f3n de Datos en relaci\u00f3n a los registros de tratamiento llevados a cabo en la Mancomunidad de Servicios Sociales de la Zona de Etxarri- Aranatz. A trav\u00e9s del aviso de privacidad informamos a la ciudadan\u00eda, titulares de los [&hellip;]<\/p>\n","protected":false},"author":1,"featured_media":0,"parent":0,"menu_order":0,"comment_status":"closed","ping_status":"open","template":"","meta":{"_et_pb_use_builder":"on","_et_pb_old_content":"<!-- wp:heading --><h2>Qui\u00e9nes somos<\/h2><!-- \/wp:heading --><!-- wp:paragraph --><p>La direcci\u00f3n de nuestra web es: http:\/\/www.etxarriogz.eus.<\/p><!-- \/wp:paragraph --><!-- wp:heading --><h2>Qu\u00e9 datos personales recogemos y por qu\u00e9 los recogemos<\/h2><!-- \/wp:heading --><!-- wp:heading {\"level\":3} --><h3>Comentarios<\/h3><!-- \/wp:heading --><!-- wp:paragraph --><p>Cuando los visitantes dejan comentarios en la web, recopilamos los datos que se muestran en el formulario de comentarios, as\u00ed como la direcci\u00f3n IP del visitante y la cadena de agentes de usuario del navegador para ayudar a la detecci\u00f3n de spam.<\/p><!-- \/wp:paragraph --><!-- wp:paragraph --><p>Una cadena an\u00f3nima creada a partir de tu direcci\u00f3n de correo electr\u00f3nico (tambi\u00e9n llamada hash) puede ser proporcionada al servicio de Gravatar para ver si la est\u00e1s usando. La pol\u00edtica de privacidad del servicio Gravatar est\u00e1 disponible aqu\u00ed: https:\/\/automattic.com\/privacy\/. Despu\u00e9s de la aprobaci\u00f3n de tu comentario, la imagen de tu perfil es visible para el p\u00fablico en el contexto de su comentario.<\/p><!-- \/wp:paragraph --><!-- wp:heading {\"level\":3} --><h3>Medios<\/h3><!-- \/wp:heading --><!-- wp:paragraph --><p>Si subes im\u00e1genes a la web deber\u00edas evitar subir im\u00e1genes con datos de ubicaci\u00f3n (GPS EXIF) incluidos. Los visitantes de la web pueden descargar y extraer cualquier dato de localizaci\u00f3n de las im\u00e1genes de la web.<\/p><!-- \/wp:paragraph --><!-- wp:heading {\"level\":3} --><h3>Formularios de contacto<\/h3><!-- \/wp:heading --><!-- wp:heading {\"level\":3} --><h3>Cookies<\/h3><!-- \/wp:heading --><!-- wp:paragraph --><p>Si dejas un comentario en nuestro sitio puedes elegir guardar tu nombre, direcci\u00f3n de correo electr\u00f3nico y web en cookies. Esto es para tu comodidad, para que no tengas que volver a rellenar tus datos cuando dejes otro comentario. Estas cookies tendr\u00e1n una duraci\u00f3n de un a\u00f1o.<\/p><!-- \/wp:paragraph --><!-- wp:paragraph --><p>Si tienes una cuenta y te conectas a este sitio, instalaremos una cookie temporal para determinar si tu navegador acepta cookies. Esta cookie no contiene datos personales y se elimina al cerrar el navegador.<\/p><!-- \/wp:paragraph --><!-- wp:paragraph --><p>Cuando inicias sesi\u00f3n, tambi\u00e9n instalaremos varias cookies para guardar tu informaci\u00f3n de inicio de sesi\u00f3n y tus opciones de visualizaci\u00f3n de pantalla. Las cookies de inicio de sesi\u00f3n duran dos d\u00edas, y las cookies de opciones de pantalla duran un a\u00f1o. Si seleccionas \"Recordarme\", tu inicio de sesi\u00f3n perdurar\u00e1 durante dos semanas. Si sales de tu cuenta, las cookies de inicio de sesi\u00f3n se eliminar\u00e1n.<\/p><!-- \/wp:paragraph --><!-- wp:paragraph --><p>Si editas o publicas un art\u00edculo se guardar\u00e1 una cookie adicional en tu navegador. Esta cookie no incluye datos personales y simplemente indica el ID del art\u00edculo que acabas de editar. Caduca despu\u00e9s de 1 d\u00eda.<\/p><!-- \/wp:paragraph --><!-- wp:heading {\"level\":3} --><h3>Contenido incrustado de otros sitios web<\/h3><!-- \/wp:heading --><!-- wp:paragraph --><p>Los art\u00edculos de este sitio pueden incluir contenido incrustado (por ejemplo, v\u00eddeos, im\u00e1genes, art\u00edculos, etc.). El contenido incrustado de otras web se comporta exactamente de la misma manera que si el visitante hubiera visitado la otra web.<\/p><!-- \/wp:paragraph --><!-- wp:paragraph --><p>Estas web pueden recopilar datos sobre ti, utilizar cookies, incrustar un seguimiento adicional de terceros, y supervisar tu interacci\u00f3n con ese contenido incrustado, incluido el seguimiento de tu interacci\u00f3n con el contenido incrustado si tienes una cuenta y est\u00e1s conectado a esa web.<\/p><!-- \/wp:paragraph --><!-- wp:heading {\"level\":3} --><h3>Anal\u00edtica<\/h3><!-- \/wp:heading --><!-- wp:heading --><h2>Con qui\u00e9n compartimos tus datos<\/h2><!-- \/wp:heading --><!-- wp:heading --><h2>Cu\u00e1nto tiempo conservamos tus datos<\/h2><!-- \/wp:heading --><!-- wp:paragraph --><p>Si dejas un comentario, el comentario y sus metadatos se conservan indefinidamente. Esto es para que podamos reconocer y aprobar comentarios sucesivos autom\u00e1ticamente en lugar de mantenerlos en una cola de moderaci\u00f3n.<\/p><!-- \/wp:paragraph --><!-- wp:paragraph --><p>De los usuarios que se registran en nuestra web (si los hay), tambi\u00e9n almacenamos la informaci\u00f3n personal que proporcionan en su perfil de usuario. Todos los usuarios pueden ver, editar o eliminar su informaci\u00f3n personal en cualquier momento (excepto que no pueden cambiar su nombre de usuario). Los administradores de la web tambi\u00e9n pueden ver y editar esa informaci\u00f3n.<\/p><!-- \/wp:paragraph --><!-- wp:heading --><h2>Qu\u00e9 derechos tienes sobre tus datos<\/h2><!-- \/wp:heading --><!-- wp:paragraph --><p>Si tienes una cuenta o has dejado comentarios en esta web, puedes solicitar recibir un archivo de exportaci\u00f3n de los datos personales que tenemos sobre ti, incluyendo cualquier dato que nos hayas proporcionado. Tambi\u00e9n puedes solicitar que eliminemos cualquier dato personal que tengamos sobre ti. Esto no incluye ning\u00fan dato que estemos obligados a conservar con fines administrativos, legales o de seguridad.<\/p><!-- \/wp:paragraph --><!-- wp:heading --><h2>D\u00f3nde enviamos tus datos<\/h2><!-- \/wp:heading --><!-- wp:paragraph --><p>Los comentarios de los visitantes puede que los revise un servicio de detecci\u00f3n autom\u00e1tica de spam.<\/p><!-- \/wp:paragraph --><!-- wp:heading --><h2>Tu informaci\u00f3n de contacto<\/h2><!-- \/wp:heading --><!-- wp:heading --><h2>Informaci\u00f3n adicional<\/h2><!-- \/wp:heading --><!-- wp:heading {\"level\":3} --><h3>C\u00f3mo protegemos tus datos<\/h3><!-- \/wp:heading --><!-- wp:heading {\"level\":3} --><h3>Qu\u00e9 procedimientos utilizamos contra las brechas de datos<\/h3><!-- \/wp:heading --><!-- wp:heading {\"level\":3} --><h3>De qu\u00e9 terceros recibimos datos<\/h3><!-- \/wp:heading --><!-- wp:heading {\"level\":3} --><h3>Qu\u00e9 tipo de toma de decisiones automatizada y\/o perfilado hacemos con los datos del usuario<\/h3><!-- \/wp:heading --><!-- wp:heading {\"level\":3} --><h3>Requerimientos regulatorios de revelaci\u00f3n de informaci\u00f3n del sector<\/h3><!-- \/wp:heading -->","_et_gb_content_width":"","footnotes":"","_links_to":"","_links_to_target":""},"aioseo_notices":[],"_links":{"self":[{"href":"https:\/\/www.etxarriogz.eus\/eu\/wp-json\/wp\/v2\/pages\/575"}],"collection":[{"href":"https:\/\/www.etxarriogz.eus\/eu\/wp-json\/wp\/v2\/pages"}],"about":[{"href":"https:\/\/www.etxarriogz.eus\/eu\/wp-json\/wp\/v2\/types\/page"}],"author":[{"embeddable":true,"href":"https:\/\/www.etxarriogz.eus\/eu\/wp-json\/wp\/v2\/users\/1"}],"replies":[{"embeddable":true,"href":"https:\/\/www.etxarriogz.eus\/eu\/wp-json\/wp\/v2\/comments?post=575"}],"version-history":[{"count":3,"href":"https:\/\/www.etxarriogz.eus\/eu\/wp-json\/wp\/v2\/pages\/575\/revisions"}],"predecessor-version":[{"id":1483,"href":"https:\/\/www.etxarriogz.eus\/eu\/wp-json\/wp\/v2\/pages\/575\/revisions\/1483"}],"wp:attachment":[{"href":"https:\/\/www.etxarriogz.eus\/eu\/wp-json\/wp\/v2\/media?parent=575"}],"curies":[{"name":"wp","href":"https:\/\/api.w.org\/{rel}","templated":true}]}}