{"id":577,"date":"2019-01-31T09:40:54","date_gmt":"2019-01-31T09:40:54","guid":{"rendered":"http:\/\/www.etxarriogz.eus\/cookie-politika\/"},"modified":"2019-10-31T12:11:41","modified_gmt":"2019-10-31T12:11:41","slug":"cookie-politika","status":"publish","type":"page","link":"https:\/\/www.etxarriogz.eus\/eu\/cookie-politika\/","title":{"rendered":"Cookie-politika"},"content":{"rendered":"<p>[et_pb_section bb_built=&#8221;1&#8243; fullwidth=&#8221;on&#8221; specialty=&#8221;off&#8221; next_background_color=&#8221;#000000&#8243; _builder_version=&#8221;3.0.106&#8243; custom_margin=&#8221;0px||0px|&#8221; custom_padding=&#8221;0px||0px|&#8221;][et_pb_fullwidth_image _builder_version=&#8221;3.0.106&#8243; show_in_lightbox=&#8221;off&#8221; url_new_window=&#8221;off&#8221; use_overlay=&#8221;off&#8221; custom_margin=&#8221;0px||0px|&#8221; custom_padding=&#8221;0px||0px|&#8221; background_size=&#8221;initial&#8221; parallax=&#8221;on&#8221; src=&#8221;https:\/\/www.etxarriogz.eus\/wp-content\/uploads\/2019\/01\/encaf.jpg&#8221; background_position=&#8221;top_left&#8221; background_repeat=&#8221;repeat&#8221; \/][\/et_pb_section][et_pb_section bb_built=&#8221;1&#8243; fullwidth=&#8221;on&#8221; specialty=&#8221;off&#8221; prev_background_color=&#8221;#000000&#8243; next_background_color=&#8221;#000000&#8243;][et_pb_fullwidth_post_title _builder_version=&#8221;3.0.106&#8243; title=&#8221;on&#8221; meta=&#8221;off&#8221; author=&#8221;on&#8221; date=&#8221;on&#8221; categories=&#8221;on&#8221; comments=&#8221;on&#8221; featured_image=&#8221;off&#8221; featured_placement=&#8221;below&#8221; background_color=&#8221;#366d2c&#8221; text_color=&#8221;light&#8221; text_background=&#8221;off&#8221; title_text_align=&#8221;left&#8221; title_font=&#8221;|600||on|||||&#8221; title_text_color=&#8221;#ffffff&#8221; custom_margin=&#8221;0px|0px|0px|0px&#8221; custom_padding=&#8221;15px|0px|10px|0px&#8221; text_shadow_style=&#8221;preset4&#8243; text_shadow_horizontal_length=&#8221;0.19em&#8221; text_shadow_color=&#8221;rgba(0,0,0,0.57)&#8221; \/][\/et_pb_section][et_pb_section bb_built=&#8221;1&#8243; prev_background_color=&#8221;#000000&#8243; _builder_version=&#8221;3.0.106&#8243;][et_pb_row][et_pb_column type=&#8221;3_4&#8243;][et_pb_text _builder_version=&#8221;3.0.106&#8243; background_layout=&#8221;light&#8221;]<\/p>\n<h4>\u00bfQU\u00c9 SON LAS COOKIES?<\/h4>\n<p>Las cookies son unos archivos de texto que se alojan en el terminal de la persona usuaria visitante con cierta informaci\u00f3n de la visita a la p\u00e1gina.<br \/>\nLas cookies permiten que las webs recuerden, ya sea durante una visita o durante varias visitas y almacenen informaci\u00f3n sobre tus preferencias para ofrecerte una experiencia personalizada, m\u00e1s f\u00e1cil y m\u00e1s r\u00e1pida. Solamente el servidor que la instal\u00f3 podr\u00e1 leer su contenido, que por otra parte, ser\u00e1 an\u00f3nimo.<\/p>\n<h4>DESACTIVACI\u00d3N DE LAS COOKIES<\/h4>\n<p>A continuaci\u00f3n te facilitamos los enlaces con la informaci\u00f3n necesaria para desactivar las cookies de los navegadores m\u00e1s utilizados:<\/p>\n<ul>\n<li><a href=\"https:\/\/support.microsoft.com\/es-es\/help\/17442\/windows-internet-explorer-delete-manage-cookies\" target=\"_blank\" rel=\"noopener\">Internet Explorer<\/a><\/li>\n<li><a href=\"https:\/\/support.google.com\/chrome\/answer\/95647?hl=es\" target=\"_blank\" rel=\"noopener\">Google Chrome<\/a><\/li>\n<li><a href=\"https:\/\/support.mozilla.org\/es\/kb\/habilitar-y-deshabilitar-cookies-sitios-web-rastrear-preferencias?redirectlocale=es&amp;redirectslug=Habilitar+y+deshabilitar+cookies\" target=\"_blank\" rel=\"noopener\">Mozilla Firefox<\/a><\/li>\n<li><a href=\"https:\/\/support.apple.com\/es-es\/HT201265\" target=\"_blank\" rel=\"noopener\">Safari<\/a><\/li>\n<li><a href=\"https:\/\/support.apple.com\/es-es\/HT201265\" target=\"_blank\" rel=\"noopener\">IOS<\/a><\/li>\n<li><a href=\"https:\/\/support.google.com\/accounts\/answer\/32050?hl=es&amp;co=GENIE.Platform%3DAndroid\" target=\"_blank\" rel=\"noopener\">Android<\/a><\/li>\n<li><a href=\"http:\/\/help.blackberry.com\/en\/smartphone_users\/deliverables\/32004\/Turn_off_cookies_in_the_browser_60_1072866_11.jsp\" target=\"_blank\" rel=\"noopener\">Blackberry<\/a><\/li>\n<li><a href=\"https:\/\/support.microsoft.com\/es-es\/help\/11696\/windows-phone-7\" target=\"_blank\" rel=\"noopener\">Windows Phone<\/a><\/li>\n<\/ul>\n<p>En el caso de que el usuario restrinja o bloque alguna o todas de las cookies del presente sitio Web, es posible que alguna de las funcionalidades o servicios prestados de la p\u00e1gina no est\u00e9n disponibles.<\/p>\n<h4>\u00bfCLASIFICACI\u00d3N DE LAS COOKIES?<\/h4>\n<p>Las cookies pueden clasificarse:<\/p>\n<p><u>Seg\u00fan la entidad que la gestiona:<\/u><\/p>\n<ul>\n<li>Cookies propias: Son aquellas que se env\u00edan a tu equipo desde nuestros propios equipos o dominios y desde el que prestamos el servicio que nos solicitas.<\/li>\n<li>Cookies de terceros: Son aquellas que se env\u00edan a tu equipo desde un equipo o dominio que no es gestionado por nosotros, sino por otra entidad colaboradora. Como por ejemplo, las usadas por redes sociales.<\/li>\n<\/ul>\n<p><u>Seg\u00fan el plazo de tiempo que permanecen activadas:<\/u><\/p>\n<ul>\n<li>Cookies de sesi\u00f3n: Son cookies temporales que permanecen en el archivo de cookies de tu navegador hasta que abandonas la p\u00e1gina web, por lo que ninguna queda registrada en el disco duro de tu ordenador. La informaci\u00f3n obtenida por medio de estas cookies, sirven para analizar pautas de tr\u00e1fico en la web.<\/li>\n<li>Cookies persistentes: son almacenadas en el disco duro y nuestra web las lee cada vez que realizas una nueva visita. Una cookie permanente posee una fecha de expiraci\u00f3n determinada. La cookie dejar\u00e1 de funcionar despu\u00e9s de esa fecha.<\/li>\n<\/ul>\n<p><u>Seg\u00fan su finalidad:<\/u><\/p>\n<ul>\n<li>Cookies t\u00e9cnicas: Son aquellas necesarias para la navegaci\u00f3n y el buen funcionamiento de nuestra p\u00e1gina web. Permiten, por ejemplo, controlar el tr\u00e1fico y la comunicaci\u00f3n de datos, o compartir contenidos a trav\u00e9s de redes sociales.<\/li>\n<li>Cookies de personalizaci\u00f3n: Son aqu\u00e9llas que te permiten acceder al servicio con unas caracter\u00edsticas predefinidas en funci\u00f3n de una serie de criterios, como por ejemplo el idioma, el tipo de navegador a trav\u00e9s del cual se accede al servicio, la configuraci\u00f3n regional desde donde se accede al servicio, etc.<\/li>\n<li>Cookies de an\u00e1lisis: Son aqu\u00e9llas que nos permiten cuantificar el n\u00famero de usuarios y as\u00ed realizar la medici\u00f3n y an\u00e1lisis estad\u00edstico de la utilizaci\u00f3n que hacen los usuarios de los servicios prestados.<\/li>\n<li>Cookies publicitarias: Son aqu\u00e9llas que permiten la gesti\u00f3n, de la forma m\u00e1s eficaz posible, de los espacios publicitarios que se pudieran incluir en nuestra p\u00e1gina web.<\/li>\n<li>Cookies de publicidad comportamental: Estas cookies almacenan informaci\u00f3n del comportamiento de los usuarios obtenida a trav\u00e9s de la observaci\u00f3n continuada. Gracias a ellas, podemos conocer los h\u00e1bitos de navegaci\u00f3n en internet y mostrarte publicidad relacionada con tu perfil de navegaci\u00f3n.<\/li>\n<\/ul>\n<h4>\u00bfC\u00d3MO PUEDO CONFIGURAR O DESHABILITAR LAS COOKIES?<\/h4>\n<p>Por regla general los navegadores disponen de diversas opciones de configuraci\u00f3n en relaci\u00f3n a las cookies, que permiten ajustar diversos niveles de privacidad, de forma que, por ejemplo, se denieguen todas las cookies que pueda enviar un sitio web como este o incluso se eliminen todas las cookies que pudieran haberse guardado.<br \/>\nPara permitir, conocer, bloquear o eliminar las cookies instaladas en tu equipo puedes hacerlo mediante la configuraci\u00f3n de las opciones del navegador instalado en su ordenador. Por ejemplo, puedes encontrar informaci\u00f3n sobre c\u00f3mo hacerlo en el caso que uses como navegador:<\/p>\n<ul>\n<li><a href=\"http:\/\/support.google.com\/chrome\/bin\/answer.py?hl=es&amp;answer=95647\" target=\"_blank\" rel=\"noopener\">Google Chrome<\/a><\/li>\n<li><a href=\"http:\/\/support.mozilla.org\/es\/kb\/cookies-informacion-que-los-sitios-web-guardan-en-?redirectlocale=en-US&amp;redirectslug=Cookies\" target=\"_blank\" rel=\"noopener\">Mozilla Firefox<\/a><\/li>\n<li><a href=\"http:\/\/support.microsoft.com\/kb\/196955\/es\" target=\"_blank\" rel=\"noopener\">Internet Explorer<\/a><\/li>\n<li><a href=\"http:\/\/www.lavanguardia.com\/cookiesSafari.html\" target=\"_blank\" rel=\"noopener\">Safari<\/a><\/li>\n<li><a href=\"http:\/\/support.apple.com\/kb\/HT1677?viewlocale=es_ES\" target=\"_blank\" rel=\"noopener\">Safari para IOS (iPhone, iPad)<\/a><\/li>\n<li><a href=\"http:\/\/www.macromedia.com\/support\/documentation\/es\/flashplayer\/help\/settings_manager07.html\" target=\"_blank\" rel=\"noopener\">Cookies Flash<\/a><\/li>\n<\/ul>\n<h4>NAVEGACION EN MODO PRIVADO<\/h4>\n<p>Tambi\u00e9n existe la alternativa a la navegaci\u00f3n en modo Privado. Este modo permite navegar a trav\u00e9s de las p\u00e1ginas de modo an\u00f3nimo. A continuaci\u00f3n te indicamos los enlaces para activar el modo incognito de los principales navegadores:<\/p>\n<ul>\n<li><a href=\"https:\/\/support.mozilla.org\/es\/kb\/navegacion-privada-Firefox-no-guardar-historial-navegacion\" target=\"_blank\" rel=\"noopener\"> Firefox<\/a><\/li>\n<li><a href=\"https:\/\/support.mozilla.org\/es\/kb\/navegacion-privada-Firefox-no-guardar-historial-navegacion\" target=\"_blank\" rel=\"noopener\">Google Chrome<\/a><\/li>\n<\/ul>\n<h4>ENLACES A OTRAS P\u00c1GINAS<\/h4>\n<p>Cuando enlazas con noticias o v\u00eddeos externos a nuestra web, la p\u00e1gina enlazada puede contener otras cookies y deber\u00e1s visitar su propia pol\u00edtica de cookies para ajustar la configuraci\u00f3n, ya que son completamente ajenas a nosotros.<\/p>\n<h4>COOKIES QUE USAMOS EN LA WEB www.etxarriaranazko-ogz.org<\/h4>\n<p>En cumplimiento con lo establecido en el art\u00edculo 22.2 de la Ley de Servicios de la Sociedad de la Informaci\u00f3n y del Comercio Electr\u00f3nico (LSSI) y en adecuaci\u00f3n con la Directiva Europea 2009\/136\/CE, le informamos que usamos:<\/p>\n<h4>COOKIES NECESARIAS<\/h4>\n<p>Las cookies necesarias ayudan a hacer una p\u00e1gina web utilizable activando funciones b\u00e1sicas como la navegaci\u00f3n en la p\u00e1gina y el acceso a \u00e1reas seguras de la p\u00e1gina web. La p\u00e1gina web no puede funcionar adecuadamente sin estas cookies.<\/p>\n<h3>COOKIES DE TERCEROS.<\/h3>\n<h4>COOKIES DE ANAL\u00cdTICA DE GOOGLE.<\/h4>\n<p>Est\u00e1s cookies son servidas por Google como consecuencia de la utilizaci\u00f3n por parte del titular de la p\u00e1gina del servicio \u201cGoogle Analytics\u201d. Este servicio recoge diversa informaci\u00f3n sobre la navegaci\u00f3n, como por ejemplo, ubicaci\u00f3n del visitante, detalles de la visita realizada (tiempo, p\u00e1ginas servidas, etc.). Aparte de la posibilidad por el navegador de bloquear las cookies, el usuario puede utilizar este complemento facilitado por la propia Google para inhabilitar el servicio de Google Analytics en su visita.<\/p>\n<table width=\"100%\">\n<tbody>\n<tr>\n<td width=\"199\"><strong>Servidor desde el que se env\u00eda<\/strong><\/td>\n<td width=\"57\"><strong>Nombre<\/strong><\/td>\n<td width=\"113\"><strong>Proveedor<\/strong><\/td>\n<td width=\"104\"><strong>Finalidad<\/strong><\/td>\n<td width=\"95\"><strong>Caducidad<\/strong><\/td>\n<td width=\"85\"><strong>Excluida\/No Excluida (del deber de la informaci\u00f3n y consentimiento)<\/strong><\/td>\n<\/tr>\n<tr>\n<td width=\"199\">.etxarriogz.eus<\/td>\n<td width=\"57\">__utmt<\/td>\n<td width=\"113\">Google Analytics<\/td>\n<td width=\"104\">Anal\u00edtica (servicio Google Analytics): Se usa para distinguir a los usuarios. Utilizamos cookies de Google Analytics embebidas en nuestro sitio web para recopilar informaci\u00f3n acerca de c\u00f3mo los visitantes navegan en nuestro sitio web. Utilizamos la informaci\u00f3n para elaborar informes y ayudar a mejorar el sitio. Las cookies recopilan informaci\u00f3n de forma an\u00f3nima, incluyendo el n\u00famero de visitantes, de donde vienen y las p\u00e1ginas que han visitado en nuestra web.<\/td>\n<td width=\"95\">Persistente (2 a\u00f1os)<\/td>\n<td width=\"85\">NO<\/td>\n<\/tr>\n<tr>\n<td width=\"199\">.etxarriogz.eus<\/td>\n<td width=\"57\">__utmc<\/td>\n<td width=\"113\">Google Analytics<\/td>\n<td width=\"104\">Anal\u00edtica (servicio Google Analytics): Se usa para distinguir a los usuarios. Utilizamos cookies de Google Analytics embebidas en nuestro sitio web para recopilar informaci\u00f3n acerca de c\u00f3mo los visitantes navegan en nuestro sitio web. Utilizamos la informaci\u00f3n para elaborar informes y ayudar a mejorar el sitio. Las cookies recopilan informaci\u00f3n de forma an\u00f3nima, incluyendo el n\u00famero de visitantes, de donde vienen y las p\u00e1ginas que han visitado en nuestra web.<\/td>\n<td width=\"95\">Persistente (1 d\u00eda)<\/td>\n<td width=\"85\">NO<\/td>\n<\/tr>\n<tr>\n<td width=\"199\">.etxarriogz.eus<\/td>\n<td width=\"57\">__utmb<\/td>\n<td width=\"113\">Google Analytics<\/td>\n<td width=\"104\">Anal\u00edtica (servicio Google Analytics): Se usa para limitar el porcentaje de solicitudes. Utilizamos cookies de Google Analytics embebidas en nuestro sitio web para recopilar informaci\u00f3n acerca de c\u00f3mo los visitantes navegan en nuestro sitio web. Utilizamos la informaci\u00f3n para elaborar informes y ayudar a mejorar el sitio. Las cookies recopilan informaci\u00f3n de forma an\u00f3nima, incluyendo el n\u00famero de visitantes, de donde vienen y las p\u00e1ginas que han visitado en nuestra web.<\/td>\n<td width=\"95\">Persistente (10 minutos)<\/td>\n<td width=\"85\">NO<\/td>\n<\/tr>\n<tr>\n<td width=\"199\">.etxarriogz.eus<\/td>\n<td width=\"57\">__utma<\/td>\n<td width=\"113\">Google Analytics<\/td>\n<td width=\"104\">Anal\u00edtica (servicio Google Analytics): Se usa para limitar el porcentaje de solicitudes. Utilizamos cookies de Google Analytics embebidas en nuestro sitio web para recopilar informaci\u00f3n acerca de c\u00f3mo los visitantes navegan en nuestro sitio web. Utilizamos la informaci\u00f3n para elaborar informes y ayudar a mejorar el sitio. Las cookies recopilan informaci\u00f3n de forma an\u00f3nima, incluyendo el n\u00famero de visitantes, de donde vienen y las p\u00e1ginas que han visitado en nuestra web.<\/td>\n<td width=\"95\">Persistente (10 minutos)<\/td>\n<td width=\"85\">NO<\/td>\n<\/tr>\n<tr>\n<td width=\"199\">.etxarriogz.eus<\/td>\n<td width=\"57\">__utmz<\/td>\n<td width=\"113\">Google Analytics<\/td>\n<td width=\"104\">Anal\u00edtica (servicio Google Analytics): Se usa para limitar el porcentaje de solicitudes. Utilizamos cookies de Google Analytics embebidas en nuestro sitio web para recopilar informaci\u00f3n acerca de c\u00f3mo los visitantes navegan en nuestro sitio web. Utilizamos la informaci\u00f3n para elaborar informes y ayudar a mejorar el sitio. Las cookies recopilan informaci\u00f3n de forma an\u00f3nima, incluyendo el n\u00famero de visitantes, de donde vienen y las p\u00e1ginas que han visitado en nuestra web.<\/td>\n<td width=\"95\">Persistente (10 minutos)<\/td>\n<td width=\"85\">NO<\/td>\n<\/tr>\n<\/tbody>\n<\/table>\n<p>[\/et_pb_text][\/et_pb_column][et_pb_column type=&#8221;1_4&#8243;][et_pb_sidebar _builder_version=&#8221;3.0.106&#8243; area=&#8221;sidebar-1&#8243; orientation=&#8221;left&#8221; show_border=&#8221;off&#8221; background_layout=&#8221;light&#8221; \/][\/et_pb_column][\/et_pb_row][\/et_pb_section]<\/p>\n","protected":false},"excerpt":{"rendered":"<p><div class=\"et_pb_row et_pb_row_0 et_pb_row_empty\">\n\t\t\t\t\n\t\t\t\t\n\t\t\t\t\n\t\t\t\t\n\t\t\t\t\n\t\t\t<\/div> \u00bfQU\u00c9 SON LAS COOKIES? Las cookies son unos archivos de texto que se alojan en el terminal de la persona usuaria visitante con cierta informaci\u00f3n de la visita a la p\u00e1gina. Las cookies permiten que las webs recuerden, ya sea durante una visita o durante varias visitas y almacenen informaci\u00f3n sobre tus preferencias para [&hellip;]<\/p>\n","protected":false},"author":1,"featured_media":0,"parent":0,"menu_order":0,"comment_status":"closed","ping_status":"closed","template":"","meta":{"_et_pb_use_builder":"on","_et_pb_old_content":"","_et_gb_content_width":"","footnotes":"","_links_to":"","_links_to_target":""},"aioseo_notices":[],"_links":{"self":[{"href":"https:\/\/www.etxarriogz.eus\/eu\/wp-json\/wp\/v2\/pages\/577"}],"collection":[{"href":"https:\/\/www.etxarriogz.eus\/eu\/wp-json\/wp\/v2\/pages"}],"about":[{"href":"https:\/\/www.etxarriogz.eus\/eu\/wp-json\/wp\/v2\/types\/page"}],"author":[{"embeddable":true,"href":"https:\/\/www.etxarriogz.eus\/eu\/wp-json\/wp\/v2\/users\/1"}],"replies":[{"embeddable":true,"href":"https:\/\/www.etxarriogz.eus\/eu\/wp-json\/wp\/v2\/comments?post=577"}],"version-history":[{"count":2,"href":"https:\/\/www.etxarriogz.eus\/eu\/wp-json\/wp\/v2\/pages\/577\/revisions"}],"predecessor-version":[{"id":966,"href":"https:\/\/www.etxarriogz.eus\/eu\/wp-json\/wp\/v2\/pages\/577\/revisions\/966"}],"wp:attachment":[{"href":"https:\/\/www.etxarriogz.eus\/eu\/wp-json\/wp\/v2\/media?parent=577"}],"curies":[{"name":"wp","href":"https:\/\/api.w.org\/{rel}","templated":true}]}}